{"id":556,"date":"2023-09-11T11:51:24","date_gmt":"2023-09-11T08:51:24","guid":{"rendered":"https:\/\/valgusefestival.ee\/festivalist\/"},"modified":"2023-09-29T10:47:15","modified_gmt":"2023-09-29T07:47:15","slug":"festivalist","status":"publish","type":"page","link":"https:\/\/valgusefestival.ee\/en\/festivalist\/","title":{"rendered":"Festival"},"content":{"rendered":"<div class=\"ama-block block-intro has-content-top decr-top-padding alignmax position-relative\"><div class=\"intro__scroll-arrow position-absolute container\"><span><svg xmlns=\"http:\/\/www.w3.org\/2000\/svg\" width=\"92.572\" height=\"92.371\" viewBox=\"0 0 92.572 92.371\"><g transform=\"translate(-1151.214 -344.129)\"><text transform=\"matrix(0.962, -0.272, 0.272, 0.962, 1185.322, 361.913)\" fill=\"#1d252d\" font-size=\"11\" font-family=\"Lufga\" font-weight=\"700\"><tspan x=\"0\" y=\"0\">V<\/tspan><\/text><text transform=\"translate(1192.378 359.839) rotate(-3.03)\" fill=\"#1d252d\" font-size=\"11\" font-family=\"Lufga\" font-weight=\"700\"><tspan x=\"0\" y=\"0\">a<\/tspan><\/text><text transform=\"translate(1199.719 359.424) rotate(10.779)\" fill=\"#1d252d\" font-size=\"11\" font-family=\"Lufga\" font-weight=\"700\"><tspan x=\"0\" y=\"0\">a<\/tspan><\/text><text transform=\"translate(1207.325 359.99) rotate(22.136)\" fill=\"#1d252d\" font-size=\"10\" font-family=\"Lufga\" font-weight=\"700\"><tspan x=\"0\" y=\"0\">t<\/tspan><\/text><text transform=\"matrix(0.837, 0.547, -0.547, 0.837, 1211.267, 362.503)\" fill=\"#1d252d\" font-size=\"11\" font-family=\"Lufga\" font-weight=\"700\"><tspan x=\"0\" y=\"0\">a<\/tspan><\/text><text transform=\"matrix(0.739, 0.673, -0.673, 0.739, 1217.361, 366.701)\" fill=\"#1d252d\" font-size=\"11\" font-family=\"Lufga\" font-weight=\"700\"><tspan x=\"0\" y=\"0\"> <\/tspan><\/text><text transform=\"matrix(0.627, 0.779, -0.779, 0.627, 1219.32, 368.237)\" fill=\"#1d252d\" font-size=\"11\" font-family=\"Lufga\" font-weight=\"700\"><tspan x=\"0\" y=\"0\">e<\/tspan><\/text><text transform=\"translate(1223.68 373.564) rotate(64.517)\" fill=\"#1d252d\" font-size=\"11\" font-family=\"Lufga\" font-weight=\"700\"><tspan x=\"0\" y=\"0\">d<\/tspan><\/text><text transform=\"translate(1226.866 380.203) rotate(78.182)\" fill=\"#1d252d\" font-size=\"11\" font-family=\"Lufga\" font-weight=\"700\"><tspan x=\"0\" y=\"0\">a<\/tspan><\/text><text transform=\"translate(1228.305 387.437) rotate(90.246)\" fill=\"#1d252d\" font-size=\"11\" font-family=\"Lufga\" font-weight=\"700\"><tspan x=\"0\" y=\"0\">s<\/tspan><\/text><text transform=\"translate(1228.197 393.044) rotate(98.367)\" fill=\"#1d252d\" font-size=\"11\" font-family=\"Lufga\" font-weight=\"700\"><tspan x=\"0\" y=\"0\">i<\/tspan><\/text><text transform=\"matrix(-0.235, 0.972, -0.972, -0.235, 1227.75, 396.039)\" fill=\"#1d252d\" font-size=\"11\" font-family=\"Lufga\" font-weight=\"700\"><tspan x=\"0\" y=\"0\"> <\/tspan><\/text><text transform=\"translate(1227.159 398.497) rotate(108.347)\" fill=\"#1d252d\" font-size=\"11\" font-family=\"Lufga\" font-weight=\"700\"><tspan x=\"0\" y=\"0\"> <\/tspan><\/text><text transform=\"translate(1226.357 400.922) rotate(113.124)\" fill=\"#1d252d\" font-size=\"11\" font-family=\"Lufga\" font-weight=\"700\"><tspan x=\"0\" y=\"0\"> <\/tspan><\/text><text transform=\"translate(1225.365 403.255) rotate(117.855)\" fill=\"#1d252d\" font-size=\"11\" font-family=\"Lufga\" font-weight=\"700\"><tspan x=\"0\" y=\"0\"> <\/tspan><\/text><text transform=\"matrix(-0.538, 0.843, -0.843, -0.538, 1224.186, 405.496)\" fill=\"#1d252d\" font-size=\"11\" font-family=\"Lufga\" font-weight=\"700\"><tspan x=\"0\" y=\"0\"> <\/tspan><\/text><text transform=\"translate(1222.818 407.642) rotate(127.315)\" fill=\"#1d252d\" font-size=\"11\" font-family=\"Lufga\" font-weight=\"700\"><tspan x=\"0\" y=\"0\"> <\/tspan><\/text><text transform=\"matrix(-0.67, 0.742, -0.742, -0.67, 1221.275, 409.672)\" fill=\"#1d252d\" font-size=\"11\" font-family=\"Lufga\" font-weight=\"700\"><tspan x=\"0\" y=\"0\"> <\/tspan><\/text><text transform=\"translate(1219.581 411.554) rotate(136.816)\" fill=\"#1d252d\" font-size=\"11\" font-family=\"Lufga\" font-weight=\"700\"><tspan x=\"0\" y=\"0\"> <\/tspan><\/text><text transform=\"translate(1217.96 413.451) rotate(146.953)\" fill=\"#1d252d\" font-size=\"11\" font-family=\"Lufga\" font-weight=\"700\"><tspan x=\"0\" y=\"0\">V<\/tspan><\/text><text transform=\"translate(1211.839 417.524) rotate(159.867)\" fill=\"#1d252d\" font-size=\"11\" font-family=\"Lufga\" font-weight=\"700\"><tspan x=\"0\" y=\"0\">a<\/tspan><\/text><text transform=\"matrix(-0.983, 0.183, -0.183, -0.983, 1204.831, 419.908)\" fill=\"#1d252d\" font-size=\"11\" font-family=\"Lufga\" font-weight=\"700\"><tspan x=\"0\" y=\"0\">l<\/tspan><\/text><text transform=\"translate(1201.924 420.604) rotate(178.41)\" fill=\"#1d252d\" font-size=\"11\" font-family=\"Lufga\" font-weight=\"700\"><tspan x=\"0\" y=\"0\">g<\/tspan><\/text><text transform=\"translate(1195.371 420.817) rotate(-169.087)\" fill=\"#1d252d\" font-size=\"11\" font-family=\"Lufga\" font-weight=\"700\"><tspan x=\"0\" y=\"0\">u<\/tspan><\/text><text transform=\"matrix(-0.924, -0.381, 0.381, -0.924, 1188.764, 419.501)\" fill=\"#1d252d\" font-size=\"11\" font-family=\"Lufga\" font-weight=\"700\"><tspan x=\"0\" y=\"0\">s<\/tspan><\/text><text transform=\"matrix(-0.829, -0.559, 0.559, -0.829, 1183.584, 417.458)\" fill=\"#1d252d\" font-size=\"11\" font-family=\"Lufga\" font-weight=\"700\"><tspan x=\"0\" y=\"0\">e<\/tspan><\/text><text transform=\"matrix(-0.716, -0.698, 0.698, -0.716, 1178.042, 413.623)\" fill=\"#1d252d\" font-size=\"11\" font-family=\"Lufga\" font-weight=\"700\"><tspan x=\"0\" y=\"0\">f<\/tspan><\/text><text transform=\"matrix(-0.58, -0.815, 0.815, -0.58, 1174.883, 410.743)\" fill=\"#1d252d\" font-size=\"11\" font-family=\"Lufga\" font-weight=\"700\"><tspan x=\"0\" y=\"0\">e<\/tspan><\/text><text transform=\"translate(1170.923 405.09) rotate(-113.688)\" fill=\"#1d252d\" font-size=\"11\" font-family=\"Lufga\" font-weight=\"700\"><tspan x=\"0\" y=\"0\">s<\/tspan><\/text><text transform=\"matrix(-0.246, -0.969, 0.969, -0.246, 1167.76, 400.298)\" fill=\"#1d252d\" font-size=\"10\" font-family=\"Lufga\" font-weight=\"700\"><tspan x=\"0\" y=\"0\">t<\/tspan><\/text><text transform=\"translate(1167.599 395.4) rotate(-97.019)\" fill=\"#1d252d\" font-size=\"11\" font-family=\"Lufga\" font-weight=\"700\"><tspan x=\"0\" y=\"0\">i<\/tspan><\/text><text transform=\"translate(1167.08 392.463) rotate(-88.013)\" fill=\"#1d252d\" font-size=\"11\" font-family=\"Lufga\" font-weight=\"700\"><tspan x=\"0\" y=\"0\">v<\/tspan><\/text><text transform=\"matrix(0.25, -0.968, 0.968, 0.25, 1167.198, 386.196)\" fill=\"#1d252d\" font-size=\"11\" font-family=\"Lufga\" font-weight=\"700\"><tspan x=\"0\" y=\"0\">a<\/tspan><\/text><text transform=\"translate(1169.219 379.077) rotate(-65.803)\" fill=\"#1d252d\" font-size=\"11\" font-family=\"Lufga\" font-weight=\"700\"><tspan x=\"0\" y=\"0\">l<\/tspan><\/text><path d=\"M211.689,174.78a1.5,1.5,0,1,1-1.5-1.5,1.5,1.5,0,0,1,1.5,1.5\" transform=\"translate(1016.656 232.494)\" fill=\"#1d252d\"\/><path d=\"M65.029,57.128a1.5,1.5,0,1,1-1.5-1.5,1.5,1.5,0,0,1,1.5,1.5\" transform=\"translate(1110.971 308.039)\" fill=\"#1d252d\"\/><path d=\"M115.714,147.91l-1.226,1.226a9.432,9.432,0,0,1-1.159-1.226Z\" transform=\"translate(1077.689 248.168)\" fill=\"#1d252d\"\/><path d=\"M115.532,141.177l-1.289,1.289h-4.2a9.38,9.38,0,0,1-.638-1.289Z\" transform=\"translate(1080.235 252.536)\" fill=\"#1d252d\"\/><path d=\"M116.559,134.635l-1.1,1.1h-7.568a9.448,9.448,0,0,1-.258-1.289h7.981a2.414,2.414,0,0,1,.811.142Z\" transform=\"translate(1081.383 256.904)\" fill=\"#1d252d\"\/><path d=\"M118.278,128.4l-.626.625a2.375,2.375,0,0,0-.331-.024h-9.913c0-.058,0-.114,0-.172a9.4,9.4,0,0,1,.065-1.117h6.385a2.4,2.4,0,0,1,.81.142l1.117.4a2.414,2.414,0,0,0,.811.142Z\" transform=\"translate(1081.531 261.271)\" fill=\"#1d252d\"\/><path d=\"M121.106,121.668l-1.2,1.2h-1.295a2.384,2.384,0,0,1-.869-.165l-.7-.273a2.39,2.39,0,0,0-.87-.164h-8.052a9.5,9.5,0,0,1,.4-1.289h4.189a2.4,2.4,0,0,1,.81.142l1.117.4a2.41,2.41,0,0,0,.811.142Z\" transform=\"translate(1081.067 265.64)\" fill=\"#1d252d\"\/><path d=\"M123.919,116.139h-5.271a2.391,2.391,0,0,1-.87-.165l-.7-.273a2.384,2.384,0,0,0-.869-.164h-5.546a9.543,9.543,0,0,1,.832-1.289h1.246a2.4,2.4,0,0,1,.812.141l1.117.4a2.375,2.375,0,0,0,.811.142h9.637Z\" transform=\"translate(1079.416 270.007)\" fill=\"#1d252d\"\/><path d=\"M129.662,110.45l-.071.071h-9.248a2.4,2.4,0,0,1-.871-.165l-.7-.273a2.379,2.379,0,0,0-.869-.164h-2.144a9.894,9.894,0,0,1,.788-.686,2.4,2.4,0,0,0,.629.084h11.29a9.584,9.584,0,0,1,1.192,1.132\" transform=\"translate(1076.109 273.26)\" fill=\"#1d252d\"\/><path d=\"M131.414,104.419h-7.9a2.234,2.234,0,0,1-.375-.031,9.654,9.654,0,0,1,8.271.031\" transform=\"translate(1071.321 276.998)\" fill=\"#1d252d\"\/><path d=\"M132.451,116.984a11.534,11.534,0,0,1-19.69,8.155l2.585-2.585,1.076-1.076,1.289-1.289,1.075-1.075,1.1-1.1,1.867-1.867,1.161-1.161,1.2-1.2,4.956-4.956a11.5,11.5,0,0,1,3.379,8.156\" transform=\"translate(1078.058 273.524)\" fill=\"#1d252d\"\/><path d=\"M116.917,96.319a.226.226,0,1,0,.226.225.225.225,0,0,0-.226-.225m-4.143-1.13a.226.226,0,1,0,.225.226.226.226,0,0,0-.225-.226m-4.28.355a.226.226,0,1,0,.225.226.226.226,0,0,0-.225-.226m-3.9,1.8a.226.226,0,1,0,.226.226.226.226,0,0,0-.226-.226m-3.05,3.023a.226.226,0,1,0,.225.226.226.226,0,0,0-.225-.226m-1.832,3.885a.226.226,0,1,0,.226.225.225.225,0,0,0-.226-.225m-.393,4.276a.226.226,0,1,0,.225.226.226.226,0,0,0-.225-.226m1.093,4.154a.226.226,0,1,0,.226.226.226.226,0,0,0-.226-.226\" transform=\"translate(1086.925 282.372)\" fill=\"#1d252d\"\/><line x1=\"1.203\" y2=\"1.203\" transform=\"translate(1203.335 384.943)\" fill=\"#1d252d\"\/><rect width=\"92.572\" height=\"92.371\" transform=\"translate(1151.214 344.129)\" fill=\"none\"\/><\/g><\/svg><span class=\"d-block overflow-hidden\"><svg xmlns=\"http:\/\/www.w3.org\/2000\/svg\" width=\"42.993\" height=\"190.5\" viewBox=\"0 0 42.993 190.5\"><g transform=\"translate(411.498 -943.312) rotate(90)\"><path d=\"M460.407,116.268c-11.873,0-23.5,9.625-23.5,21.5\" transform=\"translate(673.404 273.733)\" fill=\"none\" stroke=\"#1d252d\" stroke-miterlimit=\"10\" stroke-width=\"1\"\/><path d=\"M436.911,101.613c0,7.159,5.5,13.5,11.113,17.574a21.185,21.185,0,0,0,12.383,3.923\" transform=\"translate(673.404 266.891)\" fill=\"none\" stroke=\"#1d252d\" stroke-miterlimit=\"10\" stroke-width=\"1\"\/><line x1=\"190.5\" transform=\"translate(943.312 389.998)\" fill=\"none\" stroke=\"#1d252d\" stroke-miterlimit=\"10\" stroke-width=\"1\"\/><\/g><\/svg><\/span><\/span><\/div><div class=\"acf-innerblocks-container\">\n<div class=\"ama-block block-title-tilted-imgs has-black-color alignmax position-relative\"><h2 class=\"has-giant-font-size wp-el\">Valguse <strong>festival<\/strong> <\/h2><div class=\"tilted-img is-big-img\"><img loading=\"lazy\" decoding=\"async\" width=\"700\" height=\"700\" src=\"https:\/\/valgusefestival.ee\/wp-content\/uploads\/2023\/09\/20221008_Mana-Kaasik_UFOdisko-23-copy_vaiksem-700x700.png\" class=\"attachment-img-700 size-img-700\" alt=\"\" srcset=\"https:\/\/valgusefestival.ee\/wp-content\/uploads\/2023\/09\/20221008_Mana-Kaasik_UFOdisko-23-copy_vaiksem-700x700.png 700w, https:\/\/valgusefestival.ee\/wp-content\/uploads\/2023\/09\/20221008_Mana-Kaasik_UFOdisko-23-copy_vaiksem-1200x1200.png 1200w, https:\/\/valgusefestival.ee\/wp-content\/uploads\/2023\/09\/20221008_Mana-Kaasik_UFOdisko-23-copy_vaiksem-240x240.png 240w, https:\/\/valgusefestival.ee\/wp-content\/uploads\/2023\/09\/20221008_Mana-Kaasik_UFOdisko-23-copy_vaiksem-235x235.png 235w, https:\/\/valgusefestival.ee\/wp-content\/uploads\/2023\/09\/20221008_Mana-Kaasik_UFOdisko-23-copy_vaiksem-320x320.png 320w, https:\/\/valgusefestival.ee\/wp-content\/uploads\/2023\/09\/20221008_Mana-Kaasik_UFOdisko-23-copy_vaiksem-130x130.png 130w, https:\/\/valgusefestival.ee\/wp-content\/uploads\/2023\/09\/20221008_Mana-Kaasik_UFOdisko-23-copy_vaiksem-440x440.png 440w, https:\/\/valgusefestival.ee\/wp-content\/uploads\/2023\/09\/20221008_Mana-Kaasik_UFOdisko-23-copy_vaiksem.png 2000w\" sizes=\"auto, (max-width: 700px) 100vw, 700px\" \/><\/div><\/div>\n<\/div><\/div>\n\n\n<p class=\"is-style-narrower has-large-font-size wp-el\">The goal of the Light Festival is to raise awareness of the importance of light and light-based technologies in our home and in the development of society.<\/p>\n\n\n\n<p class=\"is-style-narrower has-large-font-size wp-el\">The idea of the festival was born in collaboration between N\u00f5o Municipality governor Rain Sangernebo and Tartu Observatory Director Anu Reinart and the Manager of the Visitors Center Heli L\u00e4tt.<\/p>\n\n\n\n<p class=\"is-style-narrower has-large-font-size wp-el\">The idea was to open the doors of the Space Center and introduce the work to the local public. The concept of the festival was developed by choreographer Jaan Ulst.&nbsp;<\/p>\n\n\n<div class=\"ama-block block-gal-list is-style-wide\"><div class=\"block__body\"><div class=\"gallery-item\"><div class=\"gallery-item__inner\"><h2 class=\"has-giant-font-size\"><span class=\"d-inline-flex align-items-center justify-content-center\">2015<\/span><\/h2><p>2015 was the international year of Light and light-based technologies, when the first Light Festival was born. It was held at the T\u00f5ravere observatory, where during the event there were several interactive exhibitions and a science room in the halls and rooms of the observatory, which helped to understand the nature and use of light. The evening ended with the play of light and music &#8220;Forest of Light&#8221;, which took the viewer on a journey between the T\u00f5ravere telescopes.<\/p><\/div><\/div><div class=\"gallery-item\"><div class=\"gallery-item__inner\"><h2 class=\"has-giant-font-size\"><span class=\"d-inline-flex align-items-center justify-content-center\">2017<\/span><\/h2><p>Already in the third year, the T\u00f5ravere observatory was too small for the festival, so in 2017 Luke manor was chosen as the new venue, where the old manor park provided many new opportunities to highlight different forms of light. In Luke manor park, the area of \u200b\u200bliving fire was added to the scientific and artistic light, where the importance of fire as the most familiar source of light and heat in the technological development of mankind was introduced.<\/p><\/div><\/div><div class=\"gallery-item\"><div class=\"gallery-item__inner\"><h2 class=\"has-giant-font-size\"><span class=\"d-inline-flex align-items-center justify-content-center\">2019<\/span><\/h2><p>Since each venue offers new possibilities with its own uniqueness, the festival will move to a new location on the shores of N\u00f5o Veskij\u00e4rve in two years, i.e. in 2019. The following year, in addition to Veskij\u00e4rvi and N\u00f5o Church, the events also took place in Kellamehe Park, and as a new experience, a path inspired by satellites was made of 2,000 outdoor candles.<\/p><\/div><\/div><div class=\"gallery-item\"><div class=\"gallery-item__inner\"><h2 class=\"has-giant-font-size\"><span class=\"d-inline-flex align-items-center justify-content-center\">2020<\/span><\/h2><p>In year 2020, in addition to Veskij\u00e4rv and N\u00f5o Church, events took place in Kellamehe Park. A path inspired by 2,000 outdoor candles was completed as a new experience.<\/p><\/div><\/div><div class=\"gallery-item\"><div class=\"gallery-item__inner\"><h2 class=\"has-giant-font-size\"><span class=\"d-inline-flex align-items-center justify-content-center\">2022<\/span><\/h2><p>This year, 2022, we call out to all of our fans to decorate their homes!<\/p><\/div><\/div><\/div><\/div>\n\n\n<p class=\"is-style-narrower has-large-font-size wp-el\">This is how the festival has become an event that, on the one hand, popularizes science and space \u2013 we have visited the T\u00f5ravere Observatory, offered the opportunity to get familiar with various laboratories and monitoring rooms, and shown the construction of the galaxy. On the other hand, it is also a performing arts event, which shows how to integrate the theme of space and light into the cultural experience.<\/p>\n","protected":false},"excerpt":{"rendered":"<p>The goal of the Light Festival is to raise awareness of the importance of light and light-based technologies in our&#8230;<\/p>\n","protected":false},"author":1,"featured_media":0,"parent":0,"menu_order":10,"comment_status":"closed","ping_status":"closed","template":"","meta":{"_acf_changed":false,"inline_featured_image":false,"footnotes":""},"class_list":["post-556","page","type-page","status-publish","hentry"],"acf":[],"_links":{"self":[{"href":"https:\/\/valgusefestival.ee\/en\/wp-json\/wp\/v2\/pages\/556","targetHints":{"allow":["GET"]}}],"collection":[{"href":"https:\/\/valgusefestival.ee\/en\/wp-json\/wp\/v2\/pages"}],"about":[{"href":"https:\/\/valgusefestival.ee\/en\/wp-json\/wp\/v2\/types\/page"}],"author":[{"embeddable":true,"href":"https:\/\/valgusefestival.ee\/en\/wp-json\/wp\/v2\/users\/1"}],"replies":[{"embeddable":true,"href":"https:\/\/valgusefestival.ee\/en\/wp-json\/wp\/v2\/comments?post=556"}],"version-history":[{"count":8,"href":"https:\/\/valgusefestival.ee\/en\/wp-json\/wp\/v2\/pages\/556\/revisions"}],"predecessor-version":[{"id":967,"href":"https:\/\/valgusefestival.ee\/en\/wp-json\/wp\/v2\/pages\/556\/revisions\/967"}],"wp:attachment":[{"href":"https:\/\/valgusefestival.ee\/en\/wp-json\/wp\/v2\/media?parent=556"}],"curies":[{"name":"wp","href":"https:\/\/api.w.org\/{rel}","templated":true}]}}