{"id":555,"date":"2023-09-14T08:42:27","date_gmt":"2023-09-14T05:42:27","guid":{"rendered":"https:\/\/valgusefestival.ee\/toeta\/"},"modified":"2023-09-28T11:58:10","modified_gmt":"2023-09-28T08:58:10","slug":"toeta","status":"publish","type":"page","link":"https:\/\/valgusefestival.ee\/en\/toeta\/","title":{"rendered":"Support"},"content":{"rendered":"<div class=\"ama-block block-intro has-content-top decr-top-padding alignmax position-relative\"><div class=\"intro__scroll-arrow position-absolute container\"><span><svg xmlns=\"http:\/\/www.w3.org\/2000\/svg\" width=\"92.572\" height=\"92.371\" viewBox=\"0 0 92.572 92.371\"><g transform=\"translate(-1151.214 -344.129)\"><text transform=\"matrix(0.962, -0.272, 0.272, 0.962, 1185.322, 361.913)\" fill=\"#1d252d\" font-size=\"11\" font-family=\"Lufga\" font-weight=\"700\"><tspan x=\"0\" y=\"0\">V<\/tspan><\/text><text transform=\"translate(1192.378 359.839) rotate(-3.03)\" fill=\"#1d252d\" font-size=\"11\" font-family=\"Lufga\" font-weight=\"700\"><tspan x=\"0\" y=\"0\">a<\/tspan><\/text><text transform=\"translate(1199.719 359.424) rotate(10.779)\" fill=\"#1d252d\" font-size=\"11\" font-family=\"Lufga\" font-weight=\"700\"><tspan x=\"0\" y=\"0\">a<\/tspan><\/text><text transform=\"translate(1207.325 359.99) rotate(22.136)\" fill=\"#1d252d\" font-size=\"10\" font-family=\"Lufga\" font-weight=\"700\"><tspan x=\"0\" y=\"0\">t<\/tspan><\/text><text transform=\"matrix(0.837, 0.547, -0.547, 0.837, 1211.267, 362.503)\" fill=\"#1d252d\" font-size=\"11\" font-family=\"Lufga\" font-weight=\"700\"><tspan x=\"0\" y=\"0\">a<\/tspan><\/text><text transform=\"matrix(0.739, 0.673, -0.673, 0.739, 1217.361, 366.701)\" fill=\"#1d252d\" font-size=\"11\" font-family=\"Lufga\" font-weight=\"700\"><tspan x=\"0\" y=\"0\"> <\/tspan><\/text><text transform=\"matrix(0.627, 0.779, -0.779, 0.627, 1219.32, 368.237)\" fill=\"#1d252d\" font-size=\"11\" font-family=\"Lufga\" font-weight=\"700\"><tspan x=\"0\" y=\"0\">e<\/tspan><\/text><text transform=\"translate(1223.68 373.564) rotate(64.517)\" fill=\"#1d252d\" font-size=\"11\" font-family=\"Lufga\" font-weight=\"700\"><tspan x=\"0\" y=\"0\">d<\/tspan><\/text><text transform=\"translate(1226.866 380.203) rotate(78.182)\" fill=\"#1d252d\" font-size=\"11\" font-family=\"Lufga\" font-weight=\"700\"><tspan x=\"0\" y=\"0\">a<\/tspan><\/text><text transform=\"translate(1228.305 387.437) rotate(90.246)\" fill=\"#1d252d\" font-size=\"11\" font-family=\"Lufga\" font-weight=\"700\"><tspan x=\"0\" y=\"0\">s<\/tspan><\/text><text transform=\"translate(1228.197 393.044) rotate(98.367)\" fill=\"#1d252d\" font-size=\"11\" font-family=\"Lufga\" font-weight=\"700\"><tspan x=\"0\" y=\"0\">i<\/tspan><\/text><text transform=\"matrix(-0.235, 0.972, -0.972, -0.235, 1227.75, 396.039)\" fill=\"#1d252d\" font-size=\"11\" font-family=\"Lufga\" font-weight=\"700\"><tspan x=\"0\" y=\"0\"> <\/tspan><\/text><text transform=\"translate(1227.159 398.497) rotate(108.347)\" fill=\"#1d252d\" font-size=\"11\" font-family=\"Lufga\" font-weight=\"700\"><tspan x=\"0\" y=\"0\"> <\/tspan><\/text><text transform=\"translate(1226.357 400.922) rotate(113.124)\" fill=\"#1d252d\" font-size=\"11\" font-family=\"Lufga\" font-weight=\"700\"><tspan x=\"0\" y=\"0\"> <\/tspan><\/text><text transform=\"translate(1225.365 403.255) rotate(117.855)\" fill=\"#1d252d\" font-size=\"11\" font-family=\"Lufga\" font-weight=\"700\"><tspan x=\"0\" y=\"0\"> <\/tspan><\/text><text transform=\"matrix(-0.538, 0.843, -0.843, -0.538, 1224.186, 405.496)\" fill=\"#1d252d\" font-size=\"11\" font-family=\"Lufga\" font-weight=\"700\"><tspan x=\"0\" y=\"0\"> <\/tspan><\/text><text transform=\"translate(1222.818 407.642) rotate(127.315)\" fill=\"#1d252d\" font-size=\"11\" font-family=\"Lufga\" font-weight=\"700\"><tspan x=\"0\" y=\"0\"> <\/tspan><\/text><text transform=\"matrix(-0.67, 0.742, -0.742, -0.67, 1221.275, 409.672)\" fill=\"#1d252d\" font-size=\"11\" font-family=\"Lufga\" font-weight=\"700\"><tspan x=\"0\" y=\"0\"> <\/tspan><\/text><text transform=\"translate(1219.581 411.554) rotate(136.816)\" fill=\"#1d252d\" font-size=\"11\" font-family=\"Lufga\" font-weight=\"700\"><tspan x=\"0\" y=\"0\"> <\/tspan><\/text><text transform=\"translate(1217.96 413.451) rotate(146.953)\" fill=\"#1d252d\" font-size=\"11\" font-family=\"Lufga\" font-weight=\"700\"><tspan x=\"0\" y=\"0\">V<\/tspan><\/text><text transform=\"translate(1211.839 417.524) rotate(159.867)\" fill=\"#1d252d\" font-size=\"11\" font-family=\"Lufga\" font-weight=\"700\"><tspan x=\"0\" y=\"0\">a<\/tspan><\/text><text transform=\"matrix(-0.983, 0.183, -0.183, -0.983, 1204.831, 419.908)\" fill=\"#1d252d\" font-size=\"11\" font-family=\"Lufga\" font-weight=\"700\"><tspan x=\"0\" y=\"0\">l<\/tspan><\/text><text transform=\"translate(1201.924 420.604) rotate(178.41)\" fill=\"#1d252d\" font-size=\"11\" font-family=\"Lufga\" font-weight=\"700\"><tspan x=\"0\" y=\"0\">g<\/tspan><\/text><text transform=\"translate(1195.371 420.817) rotate(-169.087)\" fill=\"#1d252d\" font-size=\"11\" font-family=\"Lufga\" font-weight=\"700\"><tspan x=\"0\" y=\"0\">u<\/tspan><\/text><text transform=\"matrix(-0.924, -0.381, 0.381, -0.924, 1188.764, 419.501)\" fill=\"#1d252d\" font-size=\"11\" font-family=\"Lufga\" font-weight=\"700\"><tspan x=\"0\" y=\"0\">s<\/tspan><\/text><text transform=\"matrix(-0.829, -0.559, 0.559, -0.829, 1183.584, 417.458)\" fill=\"#1d252d\" font-size=\"11\" font-family=\"Lufga\" font-weight=\"700\"><tspan x=\"0\" y=\"0\">e<\/tspan><\/text><text transform=\"matrix(-0.716, -0.698, 0.698, -0.716, 1178.042, 413.623)\" fill=\"#1d252d\" font-size=\"11\" font-family=\"Lufga\" font-weight=\"700\"><tspan x=\"0\" y=\"0\">f<\/tspan><\/text><text transform=\"matrix(-0.58, -0.815, 0.815, -0.58, 1174.883, 410.743)\" fill=\"#1d252d\" font-size=\"11\" font-family=\"Lufga\" font-weight=\"700\"><tspan x=\"0\" y=\"0\">e<\/tspan><\/text><text transform=\"translate(1170.923 405.09) rotate(-113.688)\" fill=\"#1d252d\" font-size=\"11\" font-family=\"Lufga\" font-weight=\"700\"><tspan x=\"0\" y=\"0\">s<\/tspan><\/text><text transform=\"matrix(-0.246, -0.969, 0.969, -0.246, 1167.76, 400.298)\" fill=\"#1d252d\" font-size=\"10\" font-family=\"Lufga\" font-weight=\"700\"><tspan x=\"0\" y=\"0\">t<\/tspan><\/text><text transform=\"translate(1167.599 395.4) rotate(-97.019)\" fill=\"#1d252d\" font-size=\"11\" font-family=\"Lufga\" font-weight=\"700\"><tspan x=\"0\" y=\"0\">i<\/tspan><\/text><text transform=\"translate(1167.08 392.463) rotate(-88.013)\" fill=\"#1d252d\" font-size=\"11\" font-family=\"Lufga\" font-weight=\"700\"><tspan x=\"0\" y=\"0\">v<\/tspan><\/text><text transform=\"matrix(0.25, -0.968, 0.968, 0.25, 1167.198, 386.196)\" fill=\"#1d252d\" font-size=\"11\" font-family=\"Lufga\" font-weight=\"700\"><tspan x=\"0\" y=\"0\">a<\/tspan><\/text><text transform=\"translate(1169.219 379.077) rotate(-65.803)\" fill=\"#1d252d\" font-size=\"11\" font-family=\"Lufga\" font-weight=\"700\"><tspan x=\"0\" y=\"0\">l<\/tspan><\/text><path d=\"M211.689,174.78a1.5,1.5,0,1,1-1.5-1.5,1.5,1.5,0,0,1,1.5,1.5\" transform=\"translate(1016.656 232.494)\" fill=\"#1d252d\"\/><path d=\"M65.029,57.128a1.5,1.5,0,1,1-1.5-1.5,1.5,1.5,0,0,1,1.5,1.5\" transform=\"translate(1110.971 308.039)\" fill=\"#1d252d\"\/><path d=\"M115.714,147.91l-1.226,1.226a9.432,9.432,0,0,1-1.159-1.226Z\" transform=\"translate(1077.689 248.168)\" fill=\"#1d252d\"\/><path d=\"M115.532,141.177l-1.289,1.289h-4.2a9.38,9.38,0,0,1-.638-1.289Z\" transform=\"translate(1080.235 252.536)\" fill=\"#1d252d\"\/><path d=\"M116.559,134.635l-1.1,1.1h-7.568a9.448,9.448,0,0,1-.258-1.289h7.981a2.414,2.414,0,0,1,.811.142Z\" transform=\"translate(1081.383 256.904)\" fill=\"#1d252d\"\/><path d=\"M118.278,128.4l-.626.625a2.375,2.375,0,0,0-.331-.024h-9.913c0-.058,0-.114,0-.172a9.4,9.4,0,0,1,.065-1.117h6.385a2.4,2.4,0,0,1,.81.142l1.117.4a2.414,2.414,0,0,0,.811.142Z\" transform=\"translate(1081.531 261.271)\" fill=\"#1d252d\"\/><path d=\"M121.106,121.668l-1.2,1.2h-1.295a2.384,2.384,0,0,1-.869-.165l-.7-.273a2.39,2.39,0,0,0-.87-.164h-8.052a9.5,9.5,0,0,1,.4-1.289h4.189a2.4,2.4,0,0,1,.81.142l1.117.4a2.41,2.41,0,0,0,.811.142Z\" transform=\"translate(1081.067 265.64)\" fill=\"#1d252d\"\/><path d=\"M123.919,116.139h-5.271a2.391,2.391,0,0,1-.87-.165l-.7-.273a2.384,2.384,0,0,0-.869-.164h-5.546a9.543,9.543,0,0,1,.832-1.289h1.246a2.4,2.4,0,0,1,.812.141l1.117.4a2.375,2.375,0,0,0,.811.142h9.637Z\" transform=\"translate(1079.416 270.007)\" fill=\"#1d252d\"\/><path d=\"M129.662,110.45l-.071.071h-9.248a2.4,2.4,0,0,1-.871-.165l-.7-.273a2.379,2.379,0,0,0-.869-.164h-2.144a9.894,9.894,0,0,1,.788-.686,2.4,2.4,0,0,0,.629.084h11.29a9.584,9.584,0,0,1,1.192,1.132\" transform=\"translate(1076.109 273.26)\" fill=\"#1d252d\"\/><path d=\"M131.414,104.419h-7.9a2.234,2.234,0,0,1-.375-.031,9.654,9.654,0,0,1,8.271.031\" transform=\"translate(1071.321 276.998)\" fill=\"#1d252d\"\/><path d=\"M132.451,116.984a11.534,11.534,0,0,1-19.69,8.155l2.585-2.585,1.076-1.076,1.289-1.289,1.075-1.075,1.1-1.1,1.867-1.867,1.161-1.161,1.2-1.2,4.956-4.956a11.5,11.5,0,0,1,3.379,8.156\" transform=\"translate(1078.058 273.524)\" fill=\"#1d252d\"\/><path d=\"M116.917,96.319a.226.226,0,1,0,.226.225.225.225,0,0,0-.226-.225m-4.143-1.13a.226.226,0,1,0,.225.226.226.226,0,0,0-.225-.226m-4.28.355a.226.226,0,1,0,.225.226.226.226,0,0,0-.225-.226m-3.9,1.8a.226.226,0,1,0,.226.226.226.226,0,0,0-.226-.226m-3.05,3.023a.226.226,0,1,0,.225.226.226.226,0,0,0-.225-.226m-1.832,3.885a.226.226,0,1,0,.226.225.225.225,0,0,0-.226-.225m-.393,4.276a.226.226,0,1,0,.225.226.226.226,0,0,0-.225-.226m1.093,4.154a.226.226,0,1,0,.226.226.226.226,0,0,0-.226-.226\" transform=\"translate(1086.925 282.372)\" fill=\"#1d252d\"\/><line x1=\"1.203\" y2=\"1.203\" transform=\"translate(1203.335 384.943)\" fill=\"#1d252d\"\/><rect width=\"92.572\" height=\"92.371\" transform=\"translate(1151.214 344.129)\" fill=\"none\"\/><\/g><\/svg><span class=\"d-block overflow-hidden\"><svg xmlns=\"http:\/\/www.w3.org\/2000\/svg\" width=\"42.993\" height=\"190.5\" viewBox=\"0 0 42.993 190.5\"><g transform=\"translate(411.498 -943.312) rotate(90)\"><path d=\"M460.407,116.268c-11.873,0-23.5,9.625-23.5,21.5\" transform=\"translate(673.404 273.733)\" fill=\"none\" stroke=\"#1d252d\" stroke-miterlimit=\"10\" stroke-width=\"1\"\/><path d=\"M436.911,101.613c0,7.159,5.5,13.5,11.113,17.574a21.185,21.185,0,0,0,12.383,3.923\" transform=\"translate(673.404 266.891)\" fill=\"none\" stroke=\"#1d252d\" stroke-miterlimit=\"10\" stroke-width=\"1\"\/><line x1=\"190.5\" transform=\"translate(943.312 389.998)\" fill=\"none\" stroke=\"#1d252d\" stroke-miterlimit=\"10\" stroke-width=\"1\"\/><\/g><\/svg><\/span><\/span><\/div><div class=\"acf-innerblocks-container\">\n<div class=\"ama-block block-title-tilted-imgs has-black-color alignmax position-relative has-small-img\"><h2 class=\"has-giant-font-size wp-el\">Support <strong>Valguse<\/strong><br> festival<\/h2><div class=\"tilted-img is-big-img\"><img loading=\"lazy\" decoding=\"async\" width=\"700\" height=\"700\" src=\"https:\/\/valgusefestival.ee\/wp-content\/uploads\/2023\/09\/valguse-festival-2015_maanus-kullamaa_50362291378_o-700x700.png\" class=\"attachment-img-700 size-img-700\" alt=\"\" srcset=\"https:\/\/valgusefestival.ee\/wp-content\/uploads\/2023\/09\/valguse-festival-2015_maanus-kullamaa_50362291378_o-700x700.png 700w, https:\/\/valgusefestival.ee\/wp-content\/uploads\/2023\/09\/valguse-festival-2015_maanus-kullamaa_50362291378_o-1200x1200.png 1200w, https:\/\/valgusefestival.ee\/wp-content\/uploads\/2023\/09\/valguse-festival-2015_maanus-kullamaa_50362291378_o-240x240.png 240w, https:\/\/valgusefestival.ee\/wp-content\/uploads\/2023\/09\/valguse-festival-2015_maanus-kullamaa_50362291378_o-235x235.png 235w, https:\/\/valgusefestival.ee\/wp-content\/uploads\/2023\/09\/valguse-festival-2015_maanus-kullamaa_50362291378_o-320x320.png 320w, https:\/\/valgusefestival.ee\/wp-content\/uploads\/2023\/09\/valguse-festival-2015_maanus-kullamaa_50362291378_o-130x130.png 130w, https:\/\/valgusefestival.ee\/wp-content\/uploads\/2023\/09\/valguse-festival-2015_maanus-kullamaa_50362291378_o-440x440.png 440w, https:\/\/valgusefestival.ee\/wp-content\/uploads\/2023\/09\/valguse-festival-2015_maanus-kullamaa_50362291378_o.png 2000w\" sizes=\"auto, (max-width: 700px) 100vw, 700px\" \/><\/div><div class=\"tilted-img is-small-img\"><img loading=\"lazy\" decoding=\"async\" width=\"240\" height=\"240\" src=\"https:\/\/valgusefestival.ee\/wp-content\/uploads\/2023\/09\/20221008_Mana-Kaasik_UFOdisko-45-240x240.png\" class=\"attachment-img-240 size-img-240\" alt=\"\" srcset=\"https:\/\/valgusefestival.ee\/wp-content\/uploads\/2023\/09\/20221008_Mana-Kaasik_UFOdisko-45-240x240.png 240w, https:\/\/valgusefestival.ee\/wp-content\/uploads\/2023\/09\/20221008_Mana-Kaasik_UFOdisko-45-1200x1200.png 1200w, https:\/\/valgusefestival.ee\/wp-content\/uploads\/2023\/09\/20221008_Mana-Kaasik_UFOdisko-45-700x700.png 700w, https:\/\/valgusefestival.ee\/wp-content\/uploads\/2023\/09\/20221008_Mana-Kaasik_UFOdisko-45-235x235.png 235w, https:\/\/valgusefestival.ee\/wp-content\/uploads\/2023\/09\/20221008_Mana-Kaasik_UFOdisko-45-320x320.png 320w, https:\/\/valgusefestival.ee\/wp-content\/uploads\/2023\/09\/20221008_Mana-Kaasik_UFOdisko-45-130x130.png 130w, https:\/\/valgusefestival.ee\/wp-content\/uploads\/2023\/09\/20221008_Mana-Kaasik_UFOdisko-45-440x440.png 440w, https:\/\/valgusefestival.ee\/wp-content\/uploads\/2023\/09\/20221008_Mana-Kaasik_UFOdisko-45.png 2000w\" sizes=\"auto, (max-width: 240px) 100vw, 240px\" \/><\/div><\/div>\n<\/div><\/div>\n\n<div class=\"ama-block block-desc\"><p>If you like Valguse festival, you can support it with a donation.<\/p><div class=\"row row-grid\"><div class=\"col-12 col-md classic-editor\"><p>With your support, we cover the costs related to the organization of the festival.<\/p>\n<\/div><div class=\"col-12 col-md classic-editor\"><p>Valguse festival follows the good practice of GOOD FUNDRAISER.<\/p>\n<\/div><\/div><p class=\"rm-wrapper\"><a href=\"https:\/\/heakodanik.ee\/annetuste-kogumise-hea-tava\/\" class=\"ama-readmore\" rel=\"nofollow noopener\" target=\"_blank\">Read more<span class=\"rm-arrow\"><svg xmlns=\"http:\/\/www.w3.org\/2000\/svg\" width=\"105.5\" height=\"21.504\" viewBox=\"0 0 105.5 21.504\"><g transform=\"translate(-334.5 -1074.938)\"><path d=\"M10.748,0C4.812,0-2,4.813-2,10.748\" transform=\"translate(429.252 1085.693)\" fill=\"none\" stroke=\"currentColor\" stroke-miterlimit=\"10\" stroke-width=\"1\"\/><path d=\"M-2,0c0,5.936,6.812,10.748,12.748,10.748\" transform=\"translate(429.252 1074.938)\" fill=\"none\" stroke=\"currentColor\" stroke-miterlimit=\"10\" stroke-width=\"1\"\/><line x1=\"104\" transform=\"translate(334.5 1085.69)\" fill=\"none\" stroke=\"currentColor\" stroke-miterlimit=\"10\" stroke-width=\"1\"\/><\/g><\/svg><\/span><\/a><\/p><\/div>\n\n\n<h2 class=\"wp-block-heading has-giant-font-size wp-el\">Thank You<br><strong>to all our<\/strong><br>supporters<\/h2>\n\n\n\n<p class=\"has-large-font-size wp-el\">Ingrid Hamer, Jaan Ulst, Martin Lillevere, Anne Tamm-Kivimets, Kristiina H\u00e4rm, K\u00e4tlin Virgo, Adelia Tamk\u00f5rv, Andres Sarv (E&amp;T Valgus), T\u00f5nis J\u00e4rs (E&amp;T Valgus), Rain Sangernebo, Liia Sirel, Annika Tellissaar, Mirlian Rebane, Kersti Rootsmaa, Tiina Kramp, Kadi Pruks, Anneli Vetka, Kristiina Plaado, Sigrit Juhkam, Kristina ja Guido Veidenbaum, Kristel S\u00f6\u00f6t (J\u00e4riste Veinitalu), Ott Tambets, Jana \u00d6ebius, Milvi P\u00e4ri, Lembit Toru (Palu Puhkekeskus),<br>Eva ja Urmas Larin, Kadi Sarapuu, EELK N\u00f5o kogudus<\/p>\n\n\n\n<h2 class=\"wp-block-heading has-giant-font-size wp-el\">Special<br><strong>thanks to<\/strong><br>our partners<\/h2>\n\n\n\n<p class=\"has-large-font-size wp-el\">N\u00f5o Priitahtlik p\u00e4\u00e4steselts<\/p>\n\n\n\n<h2 class=\"wp-block-heading has-giant-font-size wp-el\">Our<br><strong>wonderful<\/strong><br>supporters<\/h2>\n\n\n<div class=\"ama-block block-logos overflow-hidden\"><div class=\"d-flex flex-wrap align-items-center justify-content-between\"><div class=\"logo-item\"><img decoding=\"async\" src=\"https:\/\/valgusefestival.ee\/wp-content\/uploads\/2023\/09\/eesti-kultuurikapital-logo.svg\" alt=\"\" \/><\/div><div class=\"logo-item\"><img decoding=\"async\" src=\"https:\/\/valgusefestival.ee\/wp-content\/uploads\/2023\/09\/nvv-logo-1.svg\" alt=\"\" \/><\/div><div class=\"logo-item\"><img decoding=\"async\" src=\"https:\/\/valgusefestival.ee\/wp-content\/uploads\/2023\/09\/logo.Noo-Lihatoostus-17.07-1.svg\" alt=\"\" \/><\/div><div class=\"logo-item\"><img decoding=\"async\" src=\"https:\/\/valgusefestival.ee\/wp-content\/uploads\/2023\/09\/Tere_logo_RGB-1.svg\" alt=\"\" \/><\/div><div class=\"logo-item\"><img decoding=\"async\" src=\"https:\/\/valgusefestival.ee\/wp-content\/uploads\/2023\/09\/CRAMO-4.svg\" alt=\"\" \/><\/div><div class=\"logo-item\"><\/div><div class=\"logo-item\"><\/div><div class=\"logo-item\"><\/div><div class=\"logo-item\"><\/div><div class=\"logo-item\"><\/div><\/div><div class=\"splide\" data-splide={\"type\":\"loop\",\"height\":\"7.5rem\",\"focus\":\"center\",\"gap\":\"3.875rem\",\"autoplay\":true,\"speed\":1000,\"intervar\":1500,\"autoWidth\":true,\"arrows\":false,\"pagination\":false}><div class=\"splide__track\"><ul class=\"splide__list\"><li class=\"splide__slide\"><div class=\"logo-item d-flex flex-wrap align-items-center position-relative h-100\"><img decoding=\"async\" src=\"https:\/\/valgusefestival.ee\/wp-content\/uploads\/2023\/09\/eesti-kultuurikapital-logo.svg\" alt=\"\" \/><\/div><\/li><li class=\"splide__slide\"><div class=\"logo-item d-flex flex-wrap align-items-center position-relative h-100\"><img decoding=\"async\" src=\"https:\/\/valgusefestival.ee\/wp-content\/uploads\/2023\/09\/nvv-logo-1.svg\" alt=\"\" \/><\/div><\/li><li class=\"splide__slide\"><div class=\"logo-item d-flex flex-wrap align-items-center position-relative h-100\"><img decoding=\"async\" src=\"https:\/\/valgusefestival.ee\/wp-content\/uploads\/2023\/09\/logo.Noo-Lihatoostus-17.07-1.svg\" alt=\"\" \/><\/div><\/li><li class=\"splide__slide\"><div class=\"logo-item d-flex flex-wrap align-items-center position-relative h-100\"><img decoding=\"async\" src=\"https:\/\/valgusefestival.ee\/wp-content\/uploads\/2023\/09\/Tere_logo_RGB-1.svg\" alt=\"\" \/><\/div><\/li><li class=\"splide__slide\"><div class=\"logo-item d-flex flex-wrap align-items-center position-relative h-100\"><img decoding=\"async\" src=\"https:\/\/valgusefestival.ee\/wp-content\/uploads\/2023\/09\/CRAMO-4.svg\" alt=\"\" \/><\/div><\/li><li class=\"splide__slide\"><div class=\"logo-item d-flex flex-wrap align-items-center position-relative h-100\"><\/div><\/li><li class=\"splide__slide\"><div class=\"logo-item d-flex flex-wrap align-items-center position-relative h-100\"><\/div><\/li><li class=\"splide__slide\"><div class=\"logo-item d-flex flex-wrap align-items-center position-relative h-100\"><\/div><\/li><li class=\"splide__slide\"><div class=\"logo-item d-flex flex-wrap align-items-center position-relative h-100\"><\/div><\/li><li class=\"splide__slide\"><div class=\"logo-item d-flex flex-wrap align-items-center position-relative h-100\"><\/div><\/li><\/ul><\/div><\/div><\/div>\n\n\n<hr class=\"wp-block-separator has-alpha-channel-opacity\"\/>\n\n\n<div class=\"ama-block block-logo-txt\"><div class=\"logo-item\"><img decoding=\"async\" src=\"https:\/\/valgusefestival.ee\/wp-content\/uploads\/2023\/09\/Tartu-2024_ENG-2.svg\" alt=\"\" \/><\/div><div class=\"txt-item classic-editor\"><p>Valguse festival is part of the main program of the European Capital of Culture Tartu 2024.<\/p>\n<\/div><\/div>","protected":false},"excerpt":{"rendered":"<p>Thank Youto all oursupporters Ingrid Hamer, Jaan Ulst, Martin Lillevere, Anne Tamm-Kivimets, Kristiina H\u00e4rm, K\u00e4tlin Virgo, Adelia Tamk\u00f5rv, Andres Sarv&#8230;<\/p>\n","protected":false},"author":1,"featured_media":0,"parent":0,"menu_order":20,"comment_status":"closed","ping_status":"closed","template":"","meta":{"_acf_changed":false,"inline_featured_image":false,"footnotes":""},"class_list":["post-555","page","type-page","status-publish","hentry"],"acf":[],"_links":{"self":[{"href":"https:\/\/valgusefestival.ee\/en\/wp-json\/wp\/v2\/pages\/555","targetHints":{"allow":["GET"]}}],"collection":[{"href":"https:\/\/valgusefestival.ee\/en\/wp-json\/wp\/v2\/pages"}],"about":[{"href":"https:\/\/valgusefestival.ee\/en\/wp-json\/wp\/v2\/types\/page"}],"author":[{"embeddable":true,"href":"https:\/\/valgusefestival.ee\/en\/wp-json\/wp\/v2\/users\/1"}],"replies":[{"embeddable":true,"href":"https:\/\/valgusefestival.ee\/en\/wp-json\/wp\/v2\/comments?post=555"}],"version-history":[{"count":19,"href":"https:\/\/valgusefestival.ee\/en\/wp-json\/wp\/v2\/pages\/555\/revisions"}],"predecessor-version":[{"id":856,"href":"https:\/\/valgusefestival.ee\/en\/wp-json\/wp\/v2\/pages\/555\/revisions\/856"}],"wp:attachment":[{"href":"https:\/\/valgusefestival.ee\/en\/wp-json\/wp\/v2\/media?parent=555"}],"curies":[{"name":"wp","href":"https:\/\/api.w.org\/{rel}","templated":true}]}}